{"id":152,"date":"2024-07-05T18:44:46","date_gmt":"2024-07-05T18:44:46","guid":{"rendered":"https:\/\/vanbrewerrestomods.com\/?page_id=152"},"modified":"2024-07-06T10:10:34","modified_gmt":"2024-07-06T10:10:34","slug":"retrosafe-wireless-lighting","status":"publish","type":"page","link":"https:\/\/vanbrewerrestomods.com\/nl\/retrosafe-wireless-lighting\/","title":{"rendered":"RetroSafe draadloze verlichting"},"content":{"rendered":"<p>Bij VanBrewer zijn we niet alleen gefocust op het verbeteren van het uiterlijk of comfort van jouw oldtimer of youngtimer, maar ook op het verhogen van de veiligheid. Hierbij introduceren wij ons nieuwste prototype: de RetroSafe draadloze waarschuwingsverlichtingsset. We werken aan twee varianten: de draadloze knipperlichtset en het draadloze derde remlicht.<\/p>\n\n\n\n<p>Wij focussen op het verbeteren van de veiligheid zonder daarbij het uiterlijk van de wagen aan te passen. Onze RetroSafe draadloze waarschuwingslampen kunnen worden ge\u00efnstalleerd zonder gaten te boren of kabels te knippen. De enige twee benodigdheden zijn:<\/p>\n\n\n\n<ul class=\"wp-block-list\">\n<li>Een RetroSafe master module, die gemakkelijk en snel ge\u00efnstalleerd kan worden in \u00e9\u00e9n van de bestaande knipperlichten of remlichten.<\/li>\n\n\n\n<li>Een opgeladen RetroSafe knipper- of remlampmodule die magnetisch aan de auto te bevestigen is.<\/li>\n<\/ul>\n\n\n\n<h2 class=\"wp-block-heading\">Zijknipperlichten<\/h2>\n\n\n\n<p>Hieronder zie je een aantal foto\u2019s van ons laatste prototype. Zoals je kunt zien, bevat het prototype twee sterke neodymium magneten voor tijdelijke bevestiging aan de auto.<\/p>\n\n\n\n<div class=\"wp-block-columns is-layout-flex wp-container-core-columns-is-layout-28f84493 wp-block-columns-is-layout-flex\">\n<div class=\"wp-block-column is-layout-flow wp-block-column-is-layout-flow\">\n<figure class=\"wp-block-image size-large\"><img loading=\"lazy\" decoding=\"async\" width=\"1024\" height=\"768\" src=\"https:\/\/vanbrewerrestomods.com\/wp-content\/uploads\/2024\/07\/side-indicator-proto-1-front-1024x768.jpg\" alt=\"\" class=\"wp-image-155\" srcset=\"https:\/\/vanbrewerrestomods.com\/wp-content\/uploads\/2024\/07\/side-indicator-proto-1-front-1024x768.jpg 1024w, https:\/\/vanbrewerrestomods.com\/wp-content\/uploads\/2024\/07\/side-indicator-proto-1-front-scaled-600x450.jpg 600w, https:\/\/vanbrewerrestomods.com\/wp-content\/uploads\/2024\/07\/side-indicator-proto-1-front-300x225.jpg 300w, https:\/\/vanbrewerrestomods.com\/wp-content\/uploads\/2024\/07\/side-indicator-proto-1-front-768x576.jpg 768w, https:\/\/vanbrewerrestomods.com\/wp-content\/uploads\/2024\/07\/side-indicator-proto-1-front-1536x1152.jpg 1536w, https:\/\/vanbrewerrestomods.com\/wp-content\/uploads\/2024\/07\/side-indicator-proto-1-front-2048x1536.jpg 2048w, https:\/\/vanbrewerrestomods.com\/wp-content\/uploads\/2024\/07\/side-indicator-proto-1-front-16x12.jpg 16w\" sizes=\"auto, (max-width: 1024px) 100vw, 1024px\" \/><\/figure>\n<\/div>\n\n\n\n<div class=\"wp-block-column is-layout-flow wp-block-column-is-layout-flow\">\n<figure class=\"wp-block-image size-full is-resized\"><img loading=\"lazy\" decoding=\"async\" width=\"720\" height=\"405\" src=\"https:\/\/vanbrewerrestomods.com\/wp-content\/uploads\/2024\/07\/FAWW2386.gif\" alt=\"\" class=\"wp-image-187\" style=\"width:254px;height:auto\"\/><\/figure>\n<\/div>\n\n\n\n<div class=\"wp-block-column is-layout-flow wp-block-column-is-layout-flow\">\n<figure class=\"wp-block-image size-large\"><img loading=\"lazy\" decoding=\"async\" width=\"1024\" height=\"768\" src=\"https:\/\/vanbrewerrestomods.com\/wp-content\/uploads\/2024\/07\/side-indicator-proto-1-under-1024x768.jpg\" alt=\"\" class=\"wp-image-154\" srcset=\"https:\/\/vanbrewerrestomods.com\/wp-content\/uploads\/2024\/07\/side-indicator-proto-1-under-1024x768.jpg 1024w, https:\/\/vanbrewerrestomods.com\/wp-content\/uploads\/2024\/07\/side-indicator-proto-1-under-scaled-600x450.jpg 600w, https:\/\/vanbrewerrestomods.com\/wp-content\/uploads\/2024\/07\/side-indicator-proto-1-under-300x225.jpg 300w, https:\/\/vanbrewerrestomods.com\/wp-content\/uploads\/2024\/07\/side-indicator-proto-1-under-768x576.jpg 768w, https:\/\/vanbrewerrestomods.com\/wp-content\/uploads\/2024\/07\/side-indicator-proto-1-under-1536x1152.jpg 1536w, https:\/\/vanbrewerrestomods.com\/wp-content\/uploads\/2024\/07\/side-indicator-proto-1-under-2048x1536.jpg 2048w, https:\/\/vanbrewerrestomods.com\/wp-content\/uploads\/2024\/07\/side-indicator-proto-1-under-16x12.jpg 16w\" sizes=\"auto, (max-width: 1024px) 100vw, 1024px\" \/><\/figure>\n<\/div>\n<\/div>\n\n\n\n<p>Op dit moment is het prototype nog vrij fors en mist het die retro-uitstraling. Het eindproduct zal minstens drie keer zo dun zijn, met een gestroomlijnder design en een vleugje chroom. Het zou er meer uitkomen te zien zoals het volgende voorbeeld:<\/p>\n\n\n\n<figure class=\"wp-block-image aligncenter size-large is-resized is-style-default\"><img loading=\"lazy\" decoding=\"async\" width=\"1024\" height=\"796\" src=\"https:\/\/vanbrewerrestomods.com\/wp-content\/uploads\/2024\/07\/retrosafe-indicator-light-flush-1024x796.png\" alt=\"\" class=\"wp-image-156\" style=\"width:325px;height:auto\" srcset=\"https:\/\/vanbrewerrestomods.com\/wp-content\/uploads\/2024\/07\/retrosafe-indicator-light-flush-1024x796.png 1024w, https:\/\/vanbrewerrestomods.com\/wp-content\/uploads\/2024\/07\/retrosafe-indicator-light-flush-600x467.png 600w, https:\/\/vanbrewerrestomods.com\/wp-content\/uploads\/2024\/07\/retrosafe-indicator-light-flush-300x233.png 300w, https:\/\/vanbrewerrestomods.com\/wp-content\/uploads\/2024\/07\/retrosafe-indicator-light-flush-768x597.png 768w, https:\/\/vanbrewerrestomods.com\/wp-content\/uploads\/2024\/07\/retrosafe-indicator-light-flush-15x12.png 15w, https:\/\/vanbrewerrestomods.com\/wp-content\/uploads\/2024\/07\/retrosafe-indicator-light-flush.png 1152w\" sizes=\"auto, (max-width: 1024px) 100vw, 1024px\" \/><\/figure>\n\n\n\n<p>Benieuwd naar de werking? Vraag ons om een demonstratie!<\/p>\n\n\n\n<p>Ge\u00efnteresseerd? Of heb je misschien suggesties voor ons? <a href=\"#contact-form-retrosafe\">klik hier, vul het formulier in en laat het ons weten.<\/a>Wij zijn heel dankbaar voor alle feedback die we kunnen krijgen!<\/p>\n\n\n\n<h3 class=\"wp-block-heading\">Waarom zou ik het kopen?<\/h3>\n\n\n\n<p>Om jouw zichtbaarheid in het verkeer te vergroten natuurlijk! Zijknipperlichten zijn niet voor niets uitgevonden; ze verbeteren jouw zichtbaarheid in het verkeer en zorgen voor meer veiligheid voor jou, je passagiers en je omgeving. Zijknipperlichten zijn onmisbaar op snelwegen, rotondes, kruispunten en bij het in- en uitrijden van een parkeervak.<\/p>\n\n\n\n<p>Om een voorbeeld te geven, let eens op de aanzienlijke dode hoek van zijspiegels. Zelfs de beste bestuurder kan een auto in de dode hoek over het hoofd zien bij het invoegen of wisselen van rijstrook. Gelukkig hebben we geleerd om onze knipperlichten te gebruiken om andere weggebruikers te informeren over onze intenties. Zonder zijknipperlichten zal de bestuurder naast je echter jouw signaal nooit kunnen opmerken...<\/p>\n\n\n\n<div class=\"wp-block-columns is-layout-flex wp-container-core-columns-is-layout-28f84493 wp-block-columns-is-layout-flex\">\n<div class=\"wp-block-column is-layout-flow wp-block-column-is-layout-flow\">\n<figure class=\"wp-block-image size-large\"><img loading=\"lazy\" decoding=\"async\" width=\"1024\" height=\"745\" src=\"https:\/\/vanbrewerrestomods.com\/wp-content\/uploads\/2024\/07\/sketch-blindspot-unaware-1024x745.png\" alt=\"\" class=\"wp-image-157\" srcset=\"https:\/\/vanbrewerrestomods.com\/wp-content\/uploads\/2024\/07\/sketch-blindspot-unaware-1024x745.png 1024w, https:\/\/vanbrewerrestomods.com\/wp-content\/uploads\/2024\/07\/sketch-blindspot-unaware-600x436.png 600w, https:\/\/vanbrewerrestomods.com\/wp-content\/uploads\/2024\/07\/sketch-blindspot-unaware-300x218.png 300w, https:\/\/vanbrewerrestomods.com\/wp-content\/uploads\/2024\/07\/sketch-blindspot-unaware-768x559.png 768w, https:\/\/vanbrewerrestomods.com\/wp-content\/uploads\/2024\/07\/sketch-blindspot-unaware-18x12.png 18w, https:\/\/vanbrewerrestomods.com\/wp-content\/uploads\/2024\/07\/sketch-blindspot-unaware.png 1100w\" sizes=\"auto, (max-width: 1024px) 100vw, 1024px\" \/><\/figure>\n<\/div>\n\n\n\n<div class=\"wp-block-column is-layout-flow wp-block-column-is-layout-flow\">\n<figure class=\"wp-block-image size-large\"><img loading=\"lazy\" decoding=\"async\" width=\"1024\" height=\"745\" src=\"https:\/\/vanbrewerrestomods.com\/wp-content\/uploads\/2024\/07\/sketch-blindspot-aware-1024x745.png\" alt=\"\" class=\"wp-image-158\" srcset=\"https:\/\/vanbrewerrestomods.com\/wp-content\/uploads\/2024\/07\/sketch-blindspot-aware-1024x745.png 1024w, https:\/\/vanbrewerrestomods.com\/wp-content\/uploads\/2024\/07\/sketch-blindspot-aware-600x436.png 600w, https:\/\/vanbrewerrestomods.com\/wp-content\/uploads\/2024\/07\/sketch-blindspot-aware-300x218.png 300w, https:\/\/vanbrewerrestomods.com\/wp-content\/uploads\/2024\/07\/sketch-blindspot-aware-768x559.png 768w, https:\/\/vanbrewerrestomods.com\/wp-content\/uploads\/2024\/07\/sketch-blindspot-aware-18x12.png 18w, https:\/\/vanbrewerrestomods.com\/wp-content\/uploads\/2024\/07\/sketch-blindspot-aware.png 1100w\" sizes=\"auto, (max-width: 1024px) 100vw, 1024px\" \/><\/figure>\n<\/div>\n<\/div>\n\n\n\n<h3 class=\"wp-block-heading\">Hoe worden de draadloze zijknipperlichten van stroom voorzien?<\/h3>\n\n\n\n<p>Door een interne batterij. Deze batterij kan worden opgeladen door de meegeleverde draadloze lader. Het advies is om de lampen op te laden voordat je aan je reis begint.<\/p>\n\n\n\n<h3 class=\"wp-block-heading\">Kan ik de master module laten zitten?<\/h3>\n\n\n\n<p>Ja, de master module kan blijven zitten indien gewenst. Zelfs als je de draadloze knipperlampen verwijdert van de auto.<\/p>\n\n\n\n<h3 class=\"wp-block-heading\">Moet de master module ook opgeladen worden?<\/h3>\n\n\n\n<p>Nee, de master module heeft zelf geen accu. Deze wordt gevoed door \u00e9\u00e9n van jouw bestaande knipperlichten.<\/p>\n\n\n\n<h2 class=\"wp-block-heading\">Derde remlicht<\/h2>\n\n\n\n<p>We zijn momenteel bezig met het prototype voor het draadloos derde remlicht. Meer informatie volgt snel!<\/p>\n\n\n\n<h3 class=\"wp-block-heading\">Waarom zou ik het kopen?<\/h3>\n\n\n\n<p>Het is gemakkelijk te installeren en beschermt jou, jouw passagiers en jouw geliefde oldtimer of youngtimer tegen vermijdbare ongelukken. Derde remlichten zijn uitgevonden om de zichtbaarheid in het verkeer te verbeteren en hebben hun effectiviteit bewezen. Zeker in het huidige verkeer waar grote en hoge auto\u2019s populair zijn kan een derde remlicht een groot verschil maken in het voorkomen van ongevallen.<\/p>\n\n\n\n<p>Neem bijvoorbeeld een situatie met een onoplettende bestuurder van een hoge auto. Omdat de oldtimer voorop een derde remlicht heeft ge\u00efnstalleerd, is de kans groter dat de aandacht van de  bestuurder wordt getrokken. De tweede illustratie toont hoe de situatie had kunnen aflopen als de bestuurder niet op tijd had opgemerkt dat zijn voorganger plotseling remde.<\/p>\n\n\n\n<figure class=\"wp-block-image size-large\"><img loading=\"lazy\" decoding=\"async\" width=\"1024\" height=\"205\" src=\"https:\/\/vanbrewerrestomods.com\/wp-content\/uploads\/2024\/07\/sketch-third-brake-light-1-1024x205.png\" alt=\"\" class=\"wp-image-163\" srcset=\"https:\/\/vanbrewerrestomods.com\/wp-content\/uploads\/2024\/07\/sketch-third-brake-light-1-1024x205.png 1024w, https:\/\/vanbrewerrestomods.com\/wp-content\/uploads\/2024\/07\/sketch-third-brake-light-1-600x120.png 600w, https:\/\/vanbrewerrestomods.com\/wp-content\/uploads\/2024\/07\/sketch-third-brake-light-1-300x60.png 300w, https:\/\/vanbrewerrestomods.com\/wp-content\/uploads\/2024\/07\/sketch-third-brake-light-1-768x154.png 768w, https:\/\/vanbrewerrestomods.com\/wp-content\/uploads\/2024\/07\/sketch-third-brake-light-1-18x4.png 18w, https:\/\/vanbrewerrestomods.com\/wp-content\/uploads\/2024\/07\/sketch-third-brake-light-1.png 1500w\" sizes=\"auto, (max-width: 1024px) 100vw, 1024px\" \/><\/figure>\n\n\n\n<figure class=\"wp-block-image size-large\"><img loading=\"lazy\" decoding=\"async\" width=\"1024\" height=\"205\" src=\"https:\/\/vanbrewerrestomods.com\/wp-content\/uploads\/2024\/07\/sketch-no-third-brake-light-1-1024x205.png\" alt=\"\" class=\"wp-image-164\" srcset=\"https:\/\/vanbrewerrestomods.com\/wp-content\/uploads\/2024\/07\/sketch-no-third-brake-light-1-1024x205.png 1024w, https:\/\/vanbrewerrestomods.com\/wp-content\/uploads\/2024\/07\/sketch-no-third-brake-light-1-600x120.png 600w, https:\/\/vanbrewerrestomods.com\/wp-content\/uploads\/2024\/07\/sketch-no-third-brake-light-1-300x60.png 300w, https:\/\/vanbrewerrestomods.com\/wp-content\/uploads\/2024\/07\/sketch-no-third-brake-light-1-768x154.png 768w, https:\/\/vanbrewerrestomods.com\/wp-content\/uploads\/2024\/07\/sketch-no-third-brake-light-1-18x4.png 18w, https:\/\/vanbrewerrestomods.com\/wp-content\/uploads\/2024\/07\/sketch-no-third-brake-light-1.png 1500w\" sizes=\"auto, (max-width: 1024px) 100vw, 1024px\" \/><\/figure>\n\n\n\n<p id=\"contact-form-retrosafe\">Interesse? Of heb je suggesties? Laat het ons weten! Jouw feedback is ons erg waardevol. Alvast bedankt.<\/p>\n\n\n\n<div class=\"wp-block-contact-form-7-contact-form-selector\">\n<div class=\"wpcf7 no-js\" id=\"wpcf7-f166-o1\" lang=\"en-US\" dir=\"ltr\" data-wpcf7-id=\"166\">\n<div class=\"screen-reader-response\"><p role=\"status\" aria-live=\"polite\" aria-atomic=\"true\"><\/p> <ul><\/ul><\/div>\n<form action=\"\/nl\/wp-json\/wp\/v2\/pages\/152#wpcf7-f166-o1\" method=\"post\" class=\"wpcf7-form init\" aria-label=\"Contact form\" novalidate=\"novalidate\" data-status=\"init\" data-trp-original-action=\"\/nl\/wp-json\/wp\/v2\/pages\/152#wpcf7-f166-o1\">\n<fieldset class=\"hidden-fields-container\"><input type=\"hidden\" name=\"_wpcf7\" value=\"166\" \/><input type=\"hidden\" name=\"_wpcf7_version\" value=\"6.1.5\" \/><input type=\"hidden\" name=\"_wpcf7_locale\" value=\"en_US\" \/><input type=\"hidden\" name=\"_wpcf7_unit_tag\" value=\"wpcf7-f166-o1\" \/><input type=\"hidden\" name=\"_wpcf7_container_post\" value=\"0\" \/><input type=\"hidden\" name=\"_wpcf7_posted_data_hash\" value=\"\" \/>\n<\/fieldset>\n<p><span id=\"wpcf7-69f4b4080a90e-wrapper\" class=\"wpcf7-form-control-wrap website-wrap\" style=\"display:none !important; visibility:hidden !important;\"><label for=\"your-website-here\" class=\"hp-message\">Please do not enter anything here.<\/label><input id=\"your-website-here\"  class=\"wpcf7-form-control wpcf7-text\" type=\"text\" name=\"website\" value=\"\" size=\"40\" tabindex=\"-1\" autocomplete=\"new-password\" \/><\/span>\n<\/p>\n<p><label> Uw e-mailadres<br \/>\n<span class=\"wpcf7-form-control-wrap\" data-name=\"your-email\"><input size=\"40\" maxlength=\"400\" class=\"wpcf7-form-control wpcf7-email wpcf7-validates-as-required wpcf7-text wpcf7-validates-as-email\" autocomplete=\"email\" aria-required=\"true\" aria-invalid=\"false\" value=\"\" type=\"email\" name=\"your-email\" \/><\/span> <\/label>\n<\/p>\n<p><label> Uw mening <\/label><br \/>\n<span class=\"wpcf7-form-control-wrap\" data-name=\"opinion\"><span class=\"wpcf7-form-control wpcf7-radio\"><span class=\"wpcf7-list-item first\"><label><input type=\"radio\" name=\"opinion\" value=\"I&#039;m interested in both the wireless indicator and brake lights\" checked=\"checked\" \/><span class=\"wpcf7-list-item-label\">Ik ben ge\u00efnteresseerd in zowel de draadloze knipperlichten als ook het derde remlicht<\/span><\/label><\/span><span class=\"wpcf7-list-item\"><label><input type=\"radio\" name=\"opinion\" value=\"I only fancy the indicator lights\" \/><span class=\"wpcf7-list-item-label\">Alleen ge\u00efnteresseerd in de knipperlichten<\/span><\/label><\/span><span class=\"wpcf7-list-item\"><label><input type=\"radio\" name=\"opinion\" value=\"I only fancy the brake light\" \/><span class=\"wpcf7-list-item-label\">Alleen ge\u00efnteresseerd in het derde remlicht<\/span><\/label><\/span><span class=\"wpcf7-list-item last\"><label><input type=\"radio\" name=\"opinion\" value=\"I am not interested at all\" \/><span class=\"wpcf7-list-item-label\">Ik ben niet ge\u00efnteresseerd in beide producten<\/span><\/label><\/span><\/span><\/span>\n<\/p>\n<p><label> Zou u een mail willen ontvangen zodra het product beschikbaar is? <\/label><br \/>\n<span class=\"wpcf7-form-control-wrap\" data-name=\"receive-updates\"><span class=\"wpcf7-form-control wpcf7-radio\"><span class=\"wpcf7-list-item first\"><label><input type=\"radio\" name=\"receive-updates\" value=\"Yes\" checked=\"checked\" \/><span class=\"wpcf7-list-item-label\">Ja<\/span><\/label><\/span><span class=\"wpcf7-list-item last\"><label><input type=\"radio\" name=\"receive-updates\" value=\"No\" \/><span class=\"wpcf7-list-item-label\">Nee<\/span><\/label><\/span><\/span><\/span>\n<\/p>\n<p><label> Laat hier uw suggesties of commentaar achter, alle feedback is welkom! (optioneel)<br \/>\n<span class=\"wpcf7-form-control-wrap\" data-name=\"your-message\"><textarea cols=\"40\" rows=\"10\" maxlength=\"2000\" class=\"wpcf7-form-control wpcf7-textarea\" aria-invalid=\"false\" name=\"your-message\"><\/textarea><\/span> <\/label>\n<\/p>\n<p><input class=\"wpcf7-form-control wpcf7-submit has-spinner\" type=\"submit\" value=\"Versturen\" \/>\n<\/p><div class=\"wpcf7-response-output\" aria-hidden=\"true\"><\/div>\n<input type=\"hidden\" name=\"trp-form-language\" value=\"nl\"\/><\/form>\n<\/div>\n<\/div>","protected":false},"excerpt":{"rendered":"<p>At VanBrewer, we are not only focused on solutions that make your favorite classics look good and feel comfortable but also on improving safety. Introducing our latest product in development: the RetroSafe wireless signaling lights. Currently, we are developing two versions: the wireless indicator set and the third brake light set. We aim to improve [&hellip;]<\/p>\n","protected":false},"author":1,"featured_media":0,"parent":0,"menu_order":0,"comment_status":"closed","ping_status":"closed","template":"","meta":{"footnotes":""},"class_list":["post-152","page","type-page","status-publish","hentry"],"_links":{"self":[{"href":"https:\/\/vanbrewerrestomods.com\/nl\/wp-json\/wp\/v2\/pages\/152","targetHints":{"allow":["GET"]}}],"collection":[{"href":"https:\/\/vanbrewerrestomods.com\/nl\/wp-json\/wp\/v2\/pages"}],"about":[{"href":"https:\/\/vanbrewerrestomods.com\/nl\/wp-json\/wp\/v2\/types\/page"}],"author":[{"embeddable":true,"href":"https:\/\/vanbrewerrestomods.com\/nl\/wp-json\/wp\/v2\/users\/1"}],"replies":[{"embeddable":true,"href":"https:\/\/vanbrewerrestomods.com\/nl\/wp-json\/wp\/v2\/comments?post=152"}],"version-history":[{"count":14,"href":"https:\/\/vanbrewerrestomods.com\/nl\/wp-json\/wp\/v2\/pages\/152\/revisions"}],"predecessor-version":[{"id":189,"href":"https:\/\/vanbrewerrestomods.com\/nl\/wp-json\/wp\/v2\/pages\/152\/revisions\/189"}],"wp:attachment":[{"href":"https:\/\/vanbrewerrestomods.com\/nl\/wp-json\/wp\/v2\/media?parent=152"}],"curies":[{"name":"wp","href":"https:\/\/api.w.org\/{rel}","templated":true}]}}