{"id":214,"date":"2024-09-16T14:51:00","date_gmt":"2024-09-16T14:51:00","guid":{"rendered":"https:\/\/vanbrewerrestomods.com\/?post_type=product&#038;p=214"},"modified":"2025-04-23T13:21:33","modified_gmt":"2025-04-23T13:21:33","slug":"classic-car-radio-mounting-frame-for-under-the-dashboard-fits-2cv-dyane-and-more","status":"publish","type":"product","link":"https:\/\/vanbrewerrestomods.com\/nl\/product\/classic-car-radio-mounting-frame-for-under-the-dashboard-fits-2cv-dyane-and-more\/","title":{"rendered":"Oldtimer radiobevestigingsframe voor onder het dashboard (geschikt voor 2CV, Dyane, en meer)"},"content":{"rendered":"<p><strong>Zoekt u een radio voor uw oldtimer, maar ziet u ertegenop om een gat in het dashboard te maken?<\/strong><\/p>\n<p>Ons radiobevestigingsframe is wellicht de oplossing voor u! Ge\u00efnspireerd door een vintage ontwerp hebben wij een gemoderniseerde variant gemaakt met een houder voor een standaard 4x6 Inch speaker en de mogelijkheid om een accessoire zoals USB toe te voegen.<\/p>\n<p>We bieden twee varianten van het frame aan: met opening voor een oldtimer radio en een frame met een DIN opening. Heeft uw radio een afwijkende maat? Geen probleem, we kunnen ook een opening maken naar uw wensen. Ga naar onze contact pagina en stuur ons een bericht.<\/p>\n<ul>\n<li><strong>Frame maat met oldtimer radio opening:<\/strong> 427mm x 118mm x 43mm<\/li>\n<li><strong>Frame maat met DIN opening:<\/strong> 448mm x 118mm x 43mm<\/li>\n<\/ul>\n<p>Is het frame te hoog of te breed? Geen probleem, ook dat kunnen wij aanpassen aan uw wensen.<\/p>\n<h2>Speakeropties<\/h2>\n<p>Het frame heeft plek voor een standaard 4x6 Inch speaker. U kunt uw eigen speaker monteren of kiezen uit \u00e9\u00e9n van onze drie speakeropties:<\/p>\n<h4>1. Basis 1-weg<\/h4>\n<ul>\n<li><strong>Nominaal vermogen:<\/strong> 15W<\/li>\n<li><strong>Impedantie:<\/strong> 4 Ohm<\/li>\n<li><strong>Frequentiebereik:<\/strong> 75 &#8211; 16,000 Hz<\/li>\n<li><strong>Gemiddelde geluidsdruk:<\/strong> 85\u00a0dB<\/li>\n<li><strong>Resonantiefrequentie:<\/strong> 120 Hz<\/li>\n<\/ul>\n<p>Gebruikt u de radio af en toe of zoekt u dat ouderwetse geluid? Dan is de Basis 1-weg speaker iets voor u. Degelijke prestaties en perfect voor het luisteren van podcast of om af en toe muziek te luisteren.<\/p>\n<h4>2. Helder 1-weg<\/h4>\n<ul>\n<li><strong>Nominaal vermogen:<\/strong> 15W<\/li>\n<li><strong>Peak Power:<\/strong> 15W<\/li>\n<li><strong>Impedantie:<\/strong> 4 Ohm<\/li>\n<li><strong>Frequentiebereik:<\/strong> 75-20000 Hz<\/li>\n<li><strong>Gemiddelde geluidsdruk:<\/strong> 87 dB<\/li>\n<li><strong>Resonantiefrequentie:<\/strong> \u00a0110 Hz<\/li>\n<\/ul>\n<p>Luistert u vaak muziek? Dan is de Helder 1-weg speaker wellicht de betere keuze. Met de hogetoonconus en grotere magneet geeft deze speaker een significant beter geluid voor zowel de hoge als lage tonen in vergelijking tot de basis speaker.<\/p>\n<h4>3. Helder en Robuust 2-weg<\/h4>\n<ul>\n<li><strong>Nominaal vermogen:<\/strong> 30W<\/li>\n<li><strong>Peak Power:<\/strong> 50W<\/li>\n<li><strong>Impedantie:<\/strong> 4 Ohm<\/li>\n<li><strong>Frequentiebereik:<\/strong> 65-22000 Hz<\/li>\n<li><strong>Gemiddelde geluidsdruk:<\/strong> 86 dB<\/li>\n<li><strong>Resonantiefrequentie:<\/strong>\u00a0 90 Hz<\/li>\n<\/ul>\n<p>De prestaties van deze speaker zijn nog iets beter dan de tweede optie en het design is robuuster. Deze speaker kan tweemaal het vermogen aan in vergelijking tot de andere opties. Draait u de volumeknop graag ver open? Dan is de Helder en Robuust 2-weg speaker een aanbevolen keuze.<\/p>\n<h2>Accessoires<\/h2>\n<p>We bieden drie soorten accessoires aan.<\/p>\n<h4>1. 12V aansteker plug contra<\/h4>\n<ul>\n<li>Max 60W<\/li>\n<\/ul>\n<h4>2. 2x USB Regulier<\/h4>\n<ul>\n<li>1x 2.1A USB socket<\/li>\n<li>1x 1A USB socket<\/li>\n<li>Kortsluitbeveiliging<\/li>\n<li>Oververhittingsbeveiliging<\/li>\n<\/ul>\n<h4>3. 2x USB Snellader 36W QC3.0<\/h4>\n<ul>\n<li>Met spannings meter<\/li>\n<li>Overspanning waarschuwings LED<\/li>\n<li>2x 18W laadvermogen<\/li>\n<li>Quick Charge 3.0 compatibel<\/li>\n<li>Kortsluitbeveiliging<\/li>\n<li>Oververhittingsbeveiliging<\/li>\n<\/ul>\n<p>U kunt ervoor kiezen om \u00e9\u00e9n of twee accessoires aan uw frame toe te voegen. Als u slechts \u00e9\u00e9n accessoire selecteert, zullen wij een enkel accessoiregat toevoegen. Als u ervoor kiest om geen accessoires toe te voegen, wordt het frame zonder accessoiregaten geleverd. Als u accessoiregaten in uw frame wilt zonder een accessoire aan te schaffen, neem dan contact met ons op.<\/p>\n<p>Op zoek naar een 52mm opening voor een meter, zoals een oliedrukmeter, of een op maat gemaakte rij met schakelaars? Stuur ons een bericht met uw wensen, dan kunnen wij dit voor u mogelijk maken.<\/p>\n<p>Op zoek naar een originele oldtimer radio met Bluetooth-functionaliteit? Bekijk dan ook onze webwinkel.<\/p>\n<p>Alles in \u00e9\u00e9n oogopslag? Download hieronder onze brochure:<\/p>\n<p><a href=\"https:\/\/vanbrewerrestomods.com\/wp-content\/uploads\/2024\/09\/radio-frame-flyer-240916.pdf\">brochure<\/a> (Nederlands)<\/p>\n<h2>Disclaimer<\/h2>\n<p>Let op: het radioframe wordt geleverd zonder (oldtimer) radio. U dient zelf een radio te installeren of er een aan te schaffen in onze webwinkel. Wilt u een radio bij ons kopen en deze voorge\u00efnstalleerd in het frame hebben? Stuur ons een bericht, dan zorgen wij daarvoor.<\/p>","protected":false},"excerpt":{"rendered":"<p><strong>Zoekt u een radio voor uw oldtimer, maar ziet u ertegenop om een gat in het dashboard te maken?<\/strong><\/p>\n<p>Our custom radio mounting frame is the perfect solution\u2014vintage design, modernized for today&#8217;s needs.<\/p>","protected":false},"featured_media":487,"template":"","meta":[],"product_brand":[],"product_cat":[148,192],"product_tag":[],"class_list":{"0":"post-214","1":"product","2":"type-product","3":"status-publish","4":"has-post-thumbnail","6":"product_cat-radio-frames","7":"product_cat-vanbrewer-originals","8":"product_shipping_class-postnl-gemiddeld-verzekerd","10":"first","11":"instock","12":"featured","13":"taxable","14":"shipping-taxable","15":"purchasable","16":"product-type-variable"},"_links":{"self":[{"href":"https:\/\/vanbrewerrestomods.com\/nl\/wp-json\/wp\/v2\/product\/214","targetHints":{"allow":["GET"]}}],"collection":[{"href":"https:\/\/vanbrewerrestomods.com\/nl\/wp-json\/wp\/v2\/product"}],"about":[{"href":"https:\/\/vanbrewerrestomods.com\/nl\/wp-json\/wp\/v2\/types\/product"}],"wp:featuredmedia":[{"embeddable":true,"href":"https:\/\/vanbrewerrestomods.com\/nl\/wp-json\/wp\/v2\/media\/487"}],"wp:attachment":[{"href":"https:\/\/vanbrewerrestomods.com\/nl\/wp-json\/wp\/v2\/media?parent=214"}],"wp:term":[{"taxonomy":"product_brand","embeddable":true,"href":"https:\/\/vanbrewerrestomods.com\/nl\/wp-json\/wp\/v2\/product_brand?post=214"},{"taxonomy":"product_cat","embeddable":true,"href":"https:\/\/vanbrewerrestomods.com\/nl\/wp-json\/wp\/v2\/product_cat?post=214"},{"taxonomy":"product_tag","embeddable":true,"href":"https:\/\/vanbrewerrestomods.com\/nl\/wp-json\/wp\/v2\/product_tag?post=214"}],"curies":[{"name":"wp","href":"https:\/\/api.w.org\/{rel}","templated":true}]}}